{"id":1795,"date":"2021-07-01T19:39:00","date_gmt":"2021-07-01T17:39:00","guid":{"rendered":"https:\/\/info.watercryst.com\/schulung\/?page_id=1795"},"modified":"2023-07-31T08:48:44","modified_gmt":"2023-07-31T06:48:44","slug":"werksschulungen","status":"publish","type":"page","link":"https:\/\/info.watercryst.com\/schulung\/","title":{"rendered":"Werkschulungen"},"content":{"rendered":"<p><div class=\"fusion-fullwidth fullwidth-box fusion-builder-row-1 fusion-flex-container faded-background fusion-parallax-none hundred-percent-fullwidth non-hundred-percent-height-scrolling\" style=\"--awb-border-radius-top-left:0px;--awb-border-radius-top-right:0px;--awb-border-radius-bottom-right:0px;--awb-border-radius-bottom-left:0px;--awb-margin-top:-50px;--awb-min-height:500px;--awb-background-size:cover;\" ><div class=\"fullwidth-faded\" style=\"--awb-background-image:url(https:\/\/info.watercryst.com\/schulung\/wp-content\/uploads\/2021\/08\/2020-09-12-watercryst-schulung-kematen-045.jpg);--awb-background-size:cover;\" ><\/div><div class=\"fusion-builder-row fusion-row fusion-flex-align-items-flex-start\" style=\"width:104% !important;max-width:104% !important;margin-left: calc(-4% \/ 2 );margin-right: calc(-4% \/ 2 );\"><div class=\"fusion-layout-column fusion_builder_column fusion-builder-column-0 fusion_builder_column_1_1 1_1 fusion-flex-column\" style=\"--awb-bg-size:cover;--awb-width-large:100%;--awb-margin-top-large:15px;--awb-spacing-right-large:1.92%;--awb-margin-bottom-large:15px;--awb-spacing-left-large:1.92%;--awb-width-medium:100%;--awb-order-medium:0;--awb-spacing-right-medium:1.92%;--awb-spacing-left-medium:1.92%;--awb-width-small:100%;--awb-order-small:0;--awb-spacing-right-small:1.92%;--awb-spacing-left-small:1.92%;\"><div class=\"fusion-column-wrapper fusion-column-has-shadow fusion-flex-justify-content-flex-start fusion-content-layout-column\"><\/div><\/div><\/div><\/div><div class=\"fusion-fullwidth fullwidth-box fusion-builder-row-2 fusion-flex-container nonhundred-percent-fullwidth non-hundred-percent-height-scrolling\" style=\"--awb-border-radius-top-left:0px;--awb-border-radius-top-right:0px;--awb-border-radius-bottom-right:0px;--awb-border-radius-bottom-left:0px;--awb-margin-top:50px;--awb-background-color:rgba(255,255,255,0.77);\" ><div class=\"fusion-builder-row fusion-row fusion-flex-align-items-flex-start\" style=\"max-width:1216.8px;margin-left: calc(-4% \/ 2 );margin-right: calc(-4% \/ 2 );\"><div class=\"fusion-layout-column fusion_builder_column fusion-builder-column-1 fusion_builder_column_1_1 1_1 fusion-flex-column\" style=\"--awb-bg-position:right top;--awb-bg-size:cover;--awb-width-large:100%;--awb-margin-top-large:15px;--awb-spacing-right-large:1.92%;--awb-margin-bottom-large:15px;--awb-spacing-left-large:1.92%;--awb-width-medium:100%;--awb-order-medium:0;--awb-spacing-right-medium:1.92%;--awb-spacing-left-medium:1.92%;--awb-width-small:100%;--awb-order-small:0;--awb-spacing-right-small:1.92%;--awb-spacing-left-small:1.92%;\"><div class=\"fusion-column-wrapper fusion-column-has-shadow fusion-flex-justify-content-flex-start fusion-content-layout-column\"><div class=\"fusion-title title fusion-title-1 sep-underline sep-solid fusion-title-text fusion-title-size-one\" style=\"--awb-sep-color:#333333;\"><h1 class=\"title-heading-left fusion-responsive-typography-calculated\" style=\"margin:0;--fontSize:56;line-height:1.16;\">WIR HOLEN SIE INS BOOT<\/h1><\/div><\/div><\/div><div class=\"fusion-layout-column fusion_builder_column fusion-builder-column-2 fusion_builder_column_1_2 1_2 fusion-flex-column\" style=\"--awb-bg-size:cover;--awb-width-large:50%;--awb-margin-top-large:15px;--awb-spacing-right-large:3.84%;--awb-margin-bottom-large:15px;--awb-spacing-left-large:3.84%;--awb-width-medium:100%;--awb-order-medium:0;--awb-spacing-right-medium:1.92%;--awb-spacing-left-medium:1.92%;--awb-width-small:100%;--awb-order-small:0;--awb-spacing-right-small:1.92%;--awb-spacing-left-small:1.92%;\"><div class=\"fusion-column-wrapper fusion-column-has-shadow fusion-flex-justify-content-flex-start fusion-content-layout-block\"><div class=\"fusion-text fusion-text-1\"><h3>Zwei Tage, die es in sich haben:<\/h3>\n<p>Die Schulung in Kematen \/Tirol ist geballtes Praxiswissen direkt vom Hersteller.<br \/>\nAlexander Piesche, unser erfahrener Vertriebsleiter, bringt die Teilnehmer in Rekord-Geschwindigkeit auf den neusten Stand was Trinkwasserverordnung, Kalkschutz, Legionellen-Prophylaxe und BIOCAT Produktl\u00f6sungen angeht.<\/p>\n<\/div><div class=\"fusion-text fusion-text-2\"><p class=\"title-heading-left fusion-responsive-typography-calculated\">Beim anschlie\u00dfenden Rundgang durch die Produktionsst\u00e4tte haben die Teilnehmer dann nicht nur die M\u00f6glichkeit einen Blick hinter die Kulissen von WATERCryst zu werfen \u2013 sondern auch das Gelernte im Versuchslabor in der Praxis zu erleben.<\/p>\n<\/div><div class=\"fusion-text fusion-text-3\"><h3 class=\"title-heading-left fusion-responsive-typography-calculated\">Danach beginnt der sportliche Teil.<\/h3>\n<p class=\"title-heading-left fusion-responsive-typography-calculated\">Angefangen mit Disziplinen wie dem einarmigen Rei\u00dfen, warten am zweiten Tag sportliche Herausforderungen wie Wildwasser-Raften im Sommer oder Kartfahren in den k\u00e4lteren Monaten.<\/p>\n<\/div><div class=\"fusion-text fusion-text-4\"><p>Die Pl\u00e4tze sind limitiert. Schnell sein lohnt sich also.<\/p>\n<p>Wir freuen uns auf Sie.<br \/>\nIhr WATERCryst Team<\/p>\n<\/div><\/div><\/div><div class=\"fusion-layout-column fusion_builder_column fusion-builder-column-3 fusion_builder_column_1_2 1_2 fusion-flex-column\" style=\"--awb-padding-bottom:20PX;--awb-bg-size:cover;--awb-width-large:50%;--awb-margin-top-large:15px;--awb-spacing-right-large:3.84%;--awb-margin-bottom-large:15px;--awb-spacing-left-large:3.84%;--awb-width-medium:100%;--awb-order-medium:0;--awb-spacing-right-medium:1.92%;--awb-spacing-left-medium:1.92%;--awb-width-small:100%;--awb-order-small:0;--awb-spacing-right-small:1.92%;--awb-spacing-left-small:1.92%;\"><div class=\"fusion-column-wrapper fusion-column-has-shadow fusion-flex-justify-content-flex-start fusion-content-layout-column\"><div class=\"fusion-image-element \" style=\"text-align:center;--awb-margin-bottom:40px px;--awb-caption-title-size:var(--h2_typography-font-size);--awb-caption-title-transform:var(--h2_typography-text-transform);--awb-caption-title-line-height:var(--h2_typography-line-height);--awb-caption-title-letter-spacing:var(--h2_typography-letter-spacing);\"><span class=\" fusion-imageframe imageframe-none imageframe-1 hover-type-none\"><img decoding=\"async\" width=\"600\" height=\"397\" alt=\"WATERCRYST RAFTING\" title=\"2020-09-12-watercryst-schulung-kematen-045\" src=\"https:\/\/info.watercryst.com\/schulung\/wp-content\/uploads\/2021\/08\/2020-09-12-watercryst-schulung-kematen-045-600x397.jpg\" class=\"img-responsive wp-image-2717\" srcset=\"https:\/\/info.watercryst.com\/schulung\/wp-content\/uploads\/2021\/08\/2020-09-12-watercryst-schulung-kematen-045-200x132.jpg 200w, https:\/\/info.watercryst.com\/schulung\/wp-content\/uploads\/2021\/08\/2020-09-12-watercryst-schulung-kematen-045-400x265.jpg 400w, https:\/\/info.watercryst.com\/schulung\/wp-content\/uploads\/2021\/08\/2020-09-12-watercryst-schulung-kematen-045-600x397.jpg 600w, https:\/\/info.watercryst.com\/schulung\/wp-content\/uploads\/2021\/08\/2020-09-12-watercryst-schulung-kematen-045-800x530.jpg 800w, https:\/\/info.watercryst.com\/schulung\/wp-content\/uploads\/2021\/08\/2020-09-12-watercryst-schulung-kematen-045.jpg 1024w\" sizes=\"(max-width: 1024px) 100vw, (max-width: 640px) 100vw, 600px\" \/><\/span><\/div><div class=\"fusion-separator fusion-full-width-sep\" style=\"align-self: center;margin-left: auto;margin-right: auto;margin-top:10px;margin-bottom:10px;width:100%;\"><\/div><div class=\"fusion-image-element \" style=\"text-align:center;--awb-caption-title-size:var(--h2_typography-font-size);--awb-caption-title-transform:var(--h2_typography-text-transform);--awb-caption-title-line-height:var(--h2_typography-line-height);--awb-caption-title-letter-spacing:var(--h2_typography-letter-spacing);\"><span class=\" fusion-imageframe imageframe-none imageframe-2 hover-type-none\"><img decoding=\"async\" width=\"600\" height=\"400\" alt=\"WATERCRYST RAFTING\" title=\"2020-09-11-watercryst-schulung-kematen-015\" src=\"https:\/\/info.watercryst.com\/schulung\/wp-content\/uploads\/2021\/08\/2020-09-11-watercryst-schulung-kematen-015-600x400.jpg\" class=\"img-responsive wp-image-2710\" srcset=\"https:\/\/info.watercryst.com\/schulung\/wp-content\/uploads\/2021\/08\/2020-09-11-watercryst-schulung-kematen-015-200x133.jpg 200w, https:\/\/info.watercryst.com\/schulung\/wp-content\/uploads\/2021\/08\/2020-09-11-watercryst-schulung-kematen-015-400x267.jpg 400w, https:\/\/info.watercryst.com\/schulung\/wp-content\/uploads\/2021\/08\/2020-09-11-watercryst-schulung-kematen-015-600x400.jpg 600w, https:\/\/info.watercryst.com\/schulung\/wp-content\/uploads\/2021\/08\/2020-09-11-watercryst-schulung-kematen-015-800x534.jpg 800w, https:\/\/info.watercryst.com\/schulung\/wp-content\/uploads\/2021\/08\/2020-09-11-watercryst-schulung-kematen-015.jpg 1024w\" sizes=\"(max-width: 1024px) 100vw, (max-width: 640px) 100vw, 600px\" \/><\/span><\/div><div class=\"fusion-separator fusion-full-width-sep\" style=\"align-self: center;margin-left: auto;margin-right: auto;margin-top:10px;margin-bottom:10px;width:100%;\"><\/div><div class=\"fusion-image-element \" style=\"text-align:center;--awb-caption-title-size:var(--h2_typography-font-size);--awb-caption-title-transform:var(--h2_typography-text-transform);--awb-caption-title-line-height:var(--h2_typography-line-height);--awb-caption-title-letter-spacing:var(--h2_typography-letter-spacing);\"><span class=\" fusion-imageframe imageframe-none imageframe-3 hover-type-none\"><img decoding=\"async\" width=\"600\" height=\"400\" alt=\"WATERCRYST RAFTING\" title=\"DSC_9561\" src=\"https:\/\/info.watercryst.com\/schulung\/wp-content\/uploads\/2021\/06\/DSC_9561-600x400.jpg\" class=\"img-responsive wp-image-1636\" srcset=\"https:\/\/info.watercryst.com\/schulung\/wp-content\/uploads\/2021\/06\/DSC_9561-200x133.jpg 200w, https:\/\/info.watercryst.com\/schulung\/wp-content\/uploads\/2021\/06\/DSC_9561-400x267.jpg 400w, https:\/\/info.watercryst.com\/schulung\/wp-content\/uploads\/2021\/06\/DSC_9561-600x400.jpg 600w, https:\/\/info.watercryst.com\/schulung\/wp-content\/uploads\/2021\/06\/DSC_9561-800x533.jpg 800w, https:\/\/info.watercryst.com\/schulung\/wp-content\/uploads\/2021\/06\/DSC_9561-1200x800.jpg 1200w\" sizes=\"(max-width: 1024px) 100vw, (max-width: 640px) 100vw, 600px\" \/><\/span><\/div><\/div><\/div><\/div><\/div><div class=\"fusion-fullwidth fullwidth-box fusion-builder-row-3 fusion-flex-container nonhundred-percent-fullwidth non-hundred-percent-height-scrolling\" style=\"--awb-border-radius-top-left:0px;--awb-border-radius-top-right:0px;--awb-border-radius-bottom-right:0px;--awb-border-radius-bottom-left:0px;--awb-margin-top:50px;--awb-background-color:rgba(183,183,183,0.41);\" ><div class=\"fusion-builder-row fusion-row fusion-flex-align-items-flex-start\" style=\"max-width:1216.8px;margin-left: calc(-4% \/ 2 );margin-right: calc(-4% \/ 2 );\"><div class=\"fusion-layout-column fusion_builder_column fusion-builder-column-4 fusion_builder_column_1_1 1_1 fusion-flex-column\" style=\"--awb-bg-size:cover;--awb-width-large:100%;--awb-margin-top-large:15px;--awb-spacing-right-large:1.92%;--awb-margin-bottom-large:15px;--awb-spacing-left-large:1.92%;--awb-width-medium:100%;--awb-order-medium:0;--awb-spacing-right-medium:1.92%;--awb-spacing-left-medium:1.92%;--awb-width-small:100%;--awb-order-small:0;--awb-spacing-right-small:1.92%;--awb-spacing-left-small:1.92%;\"><div class=\"fusion-column-wrapper fusion-column-has-shadow fusion-flex-justify-content-flex-start fusion-content-layout-column\"><div class=\"fusion-text fusion-text-5\" style=\"--awb-text-color:#ffffff;\"><h2>Dieses Video sollten Sie gesehen haben&#8230;<\/h2>\n<\/div><\/div><\/div><div class=\"fusion-layout-column fusion_builder_column fusion-builder-column-5 fusion_builder_column_2_3 2_3 fusion-flex-column\" style=\"--awb-bg-size:cover;--awb-width-large:66.666666666667%;--awb-margin-top-large:15px;--awb-spacing-right-large:2.88%;--awb-margin-bottom-large:15px;--awb-spacing-left-large:2.88%;--awb-width-medium:100%;--awb-order-medium:0;--awb-spacing-right-medium:1.92%;--awb-spacing-left-medium:1.92%;--awb-width-small:100%;--awb-order-small:0;--awb-spacing-right-small:1.92%;--awb-spacing-left-small:1.92%;\"><div class=\"fusion-column-wrapper fusion-column-has-shadow fusion-flex-justify-content-flex-start fusion-content-layout-column\"><div class=\"fusion-image-element \" style=\"text-align:left;--awb-max-width:1000px;--awb-caption-title-size:var(--h2_typography-font-size);--awb-caption-title-transform:var(--h2_typography-text-transform);--awb-caption-title-line-height:var(--h2_typography-line-height);--awb-caption-title-letter-spacing:var(--h2_typography-letter-spacing);\"><span class=\" fusion-imageframe imageframe-none imageframe-4 hover-type-none\"><a class=\"fusion-no-lightbox\" href=\"https:\/\/info.watercryst.com\/schulung\/video_reportage\/\" target=\"_self\" aria-label=\"video_reportage\"><img decoding=\"async\" width=\"1920\" height=\"1044\" src=\"https:\/\/info.watercryst.com\/schulung\/wp-content\/uploads\/2021\/10\/video_reportage-1.png\" alt class=\"img-responsive wp-image-3397\" srcset=\"https:\/\/info.watercryst.com\/schulung\/wp-content\/uploads\/2021\/10\/video_reportage-1-200x109.png 200w, https:\/\/info.watercryst.com\/schulung\/wp-content\/uploads\/2021\/10\/video_reportage-1-400x218.png 400w, https:\/\/info.watercryst.com\/schulung\/wp-content\/uploads\/2021\/10\/video_reportage-1-600x326.png 600w, https:\/\/info.watercryst.com\/schulung\/wp-content\/uploads\/2021\/10\/video_reportage-1-800x435.png 800w, https:\/\/info.watercryst.com\/schulung\/wp-content\/uploads\/2021\/10\/video_reportage-1-1200x653.png 1200w, https:\/\/info.watercryst.com\/schulung\/wp-content\/uploads\/2021\/10\/video_reportage-1.png 1920w\" sizes=\"(max-width: 1024px) 100vw, (max-width: 640px) 100vw, 800px\" \/><\/a><\/span><\/div><\/div><\/div><div class=\"fusion-layout-column fusion_builder_column fusion-builder-column-6 fusion_builder_column_1_3 1_3 fusion-flex-column\" style=\"--awb-bg-size:cover;--awb-width-large:33.333333333333%;--awb-margin-top-large:15px;--awb-spacing-right-large:5.76%;--awb-margin-bottom-large:15px;--awb-spacing-left-large:5.76%;--awb-width-medium:100%;--awb-order-medium:0;--awb-spacing-right-medium:1.92%;--awb-spacing-left-medium:1.92%;--awb-width-small:100%;--awb-order-small:0;--awb-spacing-right-small:1.92%;--awb-spacing-left-small:1.92%;\"><div class=\"fusion-column-wrapper fusion-column-has-shadow fusion-flex-justify-content-flex-start fusion-content-layout-column\"><div style=\"text-align:center;\"><a class=\"fusion-button button-flat button-medium button-custom fusion-button-default button-1 fusion-button-default-span fusion-button-default-type\" style=\"--button_accent_color:#ffffff;--button_accent_hover_color:#e72500;--button_border_hover_color:#ffffff;--button_gradient_top_color:#000000;--button_gradient_bottom_color:#000000;--button_gradient_top_color_hover:#000000;--button_gradient_bottom_color_hover:#000000;\" target=\"_self\" href=\"https:\/\/info.watercryst.com\/schulung\/video_reportage\/\"><span class=\"fusion-button-text\">Video Ansehen<\/span><\/a><\/div><\/div><\/div><\/div><\/div><div class=\"fusion-fullwidth fullwidth-box fusion-builder-row-4 fusion-flex-container nonhundred-percent-fullwidth non-hundred-percent-height-scrolling\" style=\"--awb-border-radius-top-left:0px;--awb-border-radius-top-right:0px;--awb-border-radius-bottom-right:0px;--awb-border-radius-bottom-left:0px;--awb-margin-top:50px;--awb-background-color:rgba(183,183,183,0.41);\" ><div class=\"fusion-builder-row fusion-row fusion-flex-align-items-flex-start\" style=\"max-width:1216.8px;margin-left: calc(-4% \/ 2 );margin-right: calc(-4% \/ 2 );\"><div class=\"fusion-layout-column fusion_builder_column fusion-builder-column-7 fusion_builder_column_2_3 2_3 fusion-flex-column\" style=\"--awb-bg-size:cover;--awb-width-large:66.666666666667%;--awb-margin-top-large:15px;--awb-spacing-right-large:2.88%;--awb-margin-bottom-large:15px;--awb-spacing-left-large:2.88%;--awb-width-medium:100%;--awb-order-medium:0;--awb-spacing-right-medium:1.92%;--awb-spacing-left-medium:1.92%;--awb-width-small:100%;--awb-order-small:0;--awb-spacing-right-small:1.92%;--awb-spacing-left-small:1.92%;\"><div class=\"fusion-column-wrapper fusion-column-has-shadow fusion-flex-justify-content-flex-start fusion-content-layout-column\"><div class=\"fusion-text fusion-text-6\" style=\"--awb-text-color:#ffffff;\"><h2>Impressionen der letzten Werkschulungen&#8230;<\/h2>\n<\/div><div class=\"fusion-image-element \" style=\"--awb-caption-title-size:var(--h2_typography-font-size);--awb-caption-title-transform:var(--h2_typography-text-transform);--awb-caption-title-line-height:var(--h2_typography-line-height);--awb-caption-title-letter-spacing:var(--h2_typography-letter-spacing);\"><span class=\" fusion-imageframe imageframe-none imageframe-5 hover-type-none\"><img decoding=\"async\" width=\"2560\" height=\"1709\" title=\"Rafting Watercryst Schulung 03.09.2020 (16)\" src=\"https:\/\/info.watercryst.com\/schulung\/wp-content\/uploads\/2021\/07\/Rafting-Watercryst-Schulung-03.09.2020-16-scaled.jpg\" alt class=\"img-responsive wp-image-3079\" srcset=\"https:\/\/info.watercryst.com\/schulung\/wp-content\/uploads\/2021\/07\/Rafting-Watercryst-Schulung-03.09.2020-16-200x134.jpg 200w, https:\/\/info.watercryst.com\/schulung\/wp-content\/uploads\/2021\/07\/Rafting-Watercryst-Schulung-03.09.2020-16-400x267.jpg 400w, https:\/\/info.watercryst.com\/schulung\/wp-content\/uploads\/2021\/07\/Rafting-Watercryst-Schulung-03.09.2020-16-600x401.jpg 600w, https:\/\/info.watercryst.com\/schulung\/wp-content\/uploads\/2021\/07\/Rafting-Watercryst-Schulung-03.09.2020-16-800x534.jpg 800w, https:\/\/info.watercryst.com\/schulung\/wp-content\/uploads\/2021\/07\/Rafting-Watercryst-Schulung-03.09.2020-16-1200x801.jpg 1200w, https:\/\/info.watercryst.com\/schulung\/wp-content\/uploads\/2021\/07\/Rafting-Watercryst-Schulung-03.09.2020-16-scaled.jpg 2560w\" sizes=\"(max-width: 1024px) 100vw, (max-width: 640px) 100vw, 800px\" \/><\/span><\/div><\/div><\/div><div class=\"fusion-layout-column fusion_builder_column fusion-builder-column-8 fusion_builder_column_1_3 1_3 fusion-flex-column\" style=\"--awb-bg-size:cover;--awb-width-large:33.333333333333%;--awb-margin-top-large:15px;--awb-spacing-right-large:5.76%;--awb-margin-bottom-large:15px;--awb-spacing-left-large:5.76%;--awb-width-medium:100%;--awb-order-medium:0;--awb-spacing-right-medium:1.92%;--awb-spacing-left-medium:1.92%;--awb-width-small:100%;--awb-order-small:0;--awb-spacing-right-small:1.92%;--awb-spacing-left-small:1.92%;\"><div class=\"fusion-column-wrapper fusion-column-has-shadow fusion-flex-justify-content-flex-start fusion-content-layout-column\"><div style=\"text-align:center;\"><a class=\"fusion-button button-flat button-medium button-custom fusion-button-default button-2 fusion-button-default-span fusion-button-default-type\" style=\"--button_accent_color:#ffffff;--button_accent_hover_color:#e72500;--button_border_hover_color:#ffffff;--button_gradient_top_color:#000000;--button_gradient_bottom_color:#000000;--button_gradient_top_color_hover:#000000;--button_gradient_bottom_color_hover:#000000;--button_margin-top:133px;\" target=\"_self\" href=\"https:\/\/info.watercryst.com\/schulung\/galerie\/\"><span class=\"fusion-button-text\">Galerie<\/span><\/a><\/div><\/div><\/div><\/div><\/div><\/p>\n","protected":false},"excerpt":{"rendered":"","protected":false},"author":2,"featured_media":0,"parent":0,"menu_order":0,"comment_status":"closed","ping_status":"closed","template":"100-width.php","meta":[],"_links":{"self":[{"href":"https:\/\/info.watercryst.com\/schulung\/wp-json\/wp\/v2\/pages\/1795"}],"collection":[{"href":"https:\/\/info.watercryst.com\/schulung\/wp-json\/wp\/v2\/pages"}],"about":[{"href":"https:\/\/info.watercryst.com\/schulung\/wp-json\/wp\/v2\/types\/page"}],"author":[{"embeddable":true,"href":"https:\/\/info.watercryst.com\/schulung\/wp-json\/wp\/v2\/users\/2"}],"replies":[{"embeddable":true,"href":"https:\/\/info.watercryst.com\/schulung\/wp-json\/wp\/v2\/comments?post=1795"}],"version-history":[{"count":144,"href":"https:\/\/info.watercryst.com\/schulung\/wp-json\/wp\/v2\/pages\/1795\/revisions"}],"predecessor-version":[{"id":3592,"href":"https:\/\/info.watercryst.com\/schulung\/wp-json\/wp\/v2\/pages\/1795\/revisions\/3592"}],"wp:attachment":[{"href":"https:\/\/info.watercryst.com\/schulung\/wp-json\/wp\/v2\/media?parent=1795"}],"curies":[{"name":"wp","href":"https:\/\/api.w.org\/{rel}","templated":true}]}}